{"id":623,"date":"2023-01-10T15:36:42","date_gmt":"2023-01-10T18:36:42","guid":{"rendered":"https:\/\/academy.latam.lightera.com\/treinamentos-na-sua-regiao\/"},"modified":"2023-10-05T12:44:42","modified_gmt":"2023-10-05T15:44:42","slug":"trainings-in-your-region","status":"publish","type":"page","link":"https:\/\/academy.latam.lightera.com\/en\/trainings-in-your-region\/","title":{"rendered":"Trainings in your region"},"content":{"rendered":"\t\t<div data-elementor-type=\"wp-page\" data-elementor-id=\"623\" class=\"elementor elementor-623 elementor-200\">\n\t\t\t\t<div class=\"elementor-element elementor-element-b3a4eee e-flex e-con-boxed e-con e-parent\" data-id=\"b3a4eee\" data-element_type=\"container\">\n\t\t\t\t\t<div class=\"e-con-inner\">\n\t\t<div class=\"elementor-element elementor-element-efe7393 e-flex e-con-boxed e-con e-child\" data-id=\"efe7393\" data-element_type=\"container\">\n\t\t\t\t\t<div class=\"e-con-inner\">\n\t\t\t\t<div class=\"elementor-element elementor-element-94e5b5a elementor-widget elementor-widget-heading\" data-id=\"94e5b5a\" data-element_type=\"widget\" data-widget_type=\"heading.default\">\n\t\t\t\t<div class=\"elementor-widget-container\">\n\t\t\t<style>\/*! elementor - v3.21.0 - 30-04-2024 *\/\n.elementor-heading-title{padding:0;margin:0;line-height:1}.elementor-widget-heading .elementor-heading-title[class*=elementor-size-]>a{color:inherit;font-size:inherit;line-height:inherit}.elementor-widget-heading .elementor-heading-title.elementor-size-small{font-size:15px}.elementor-widget-heading .elementor-heading-title.elementor-size-medium{font-size:19px}.elementor-widget-heading .elementor-heading-title.elementor-size-large{font-size:29px}.elementor-widget-heading .elementor-heading-title.elementor-size-xl{font-size:39px}.elementor-widget-heading .elementor-heading-title.elementor-size-xxl{font-size:59px}<\/style><h1 class=\"elementor-heading-title elementor-size-default\">Furukawa Solutions has the right training for you!<\/h1>\t\t<\/div>\n\t\t\t\t<\/div>\n\t\t\t\t\t<\/div>\n\t\t\t\t<\/div>\n\t\t\t\t<div class=\"elementor-element elementor-element-8f2de9b elementor-widget elementor-widget-text-editor\" data-id=\"8f2de9b\" data-element_type=\"widget\" data-widget_type=\"text-editor.default\">\n\t\t\t\t<div class=\"elementor-widget-container\">\n\t\t\t<style>\/*! elementor - v3.21.0 - 30-04-2024 *\/\n.elementor-widget-text-editor.elementor-drop-cap-view-stacked .elementor-drop-cap{background-color:#69727d;color:#fff}.elementor-widget-text-editor.elementor-drop-cap-view-framed .elementor-drop-cap{color:#69727d;border:3px solid;background-color:transparent}.elementor-widget-text-editor:not(.elementor-drop-cap-view-default) .elementor-drop-cap{margin-top:8px}.elementor-widget-text-editor:not(.elementor-drop-cap-view-default) .elementor-drop-cap-letter{width:1em;height:1em}.elementor-widget-text-editor .elementor-drop-cap{float:left;text-align:center;line-height:1;font-size:50px}.elementor-widget-text-editor .elementor-drop-cap-letter{display:inline-block}<\/style>\t\t\t\tCheck out the nearest online and face-to-face training in your region.\t\t\t\t\t\t<\/div>\n\t\t\t\t<\/div>\n\t\t<div class=\"elementor-element elementor-element-bc7ac75 e-flex e-con-boxed e-con e-child\" data-id=\"bc7ac75\" data-element_type=\"container\">\n\t\t\t\t\t<div class=\"e-con-inner\">\n\t\t\t\t<div class=\"elementor-element elementor-element-c27df43 jet-smart-filter-group-position-line jet-smart-filter-content-position-line jet-smart-filter-group-position-line jet-smart-filter-content-position-column elementor-widget elementor-widget-jet-smart-filters-select\" data-id=\"c27df43\" data-element_type=\"widget\" data-widget_type=\"jet-smart-filters-select.default\">\n\t\t\t\t<div class=\"elementor-widget-container\">\n\t\t\t<div class=\"jet-smart-filters-select jet-filter jet-filter-indexed\" data-indexer-rule=\"disable\" data-show-counter=\"\" data-change-counter=\"other_changed\"><div class=\"jet-select\" data-query-type=\"meta_query\" data-query-var=\"related_parents*7\" data-smart-filter=\"select\" data-filter-id=\"715\" data-apply-type=\"ajax\" data-content-provider=\"jet-engine\" data-additional-providers=\"\" data-query-id=\"unidades-cursos\" data-active-label=\"\" data-layout-options=\"{&quot;show_label&quot;:&quot;&quot;,&quot;display_options&quot;:{&quot;show_items_label&quot;:false,&quot;show_decorator&quot;:false,&quot;filter_image_size&quot;:&quot;full&quot;,&quot;show_counter&quot;:false}}\" data-query-var-suffix=\"\">\n\t\t\t\t<select\n\t\t\tclass=\"jet-select__control\"\n\t\t\tname=\"related_parents*7\"\n\t\t\t\t\t\taria-label=\"Filtrar por cursos EN\"\n\t\t>\n\t\t\n\t\t\t\t\t\t\t\t\t<option\n\t\t\t\t\tvalue=\"\"\n\t\t\t\t\tdata-label=\"Select the training\"\n\t\t\t\t\tdata-counter-prefix=\"\"\n\t\t\t\t\tdata-counter-suffix=\"\"\n\t\t\t\t\t\t\t\t\t>Select the training<\/option>\n\t\t\t\t\t\t\t\t\t\t<option\n\t\t\t\t\tvalue=\"649\"\n\t\t\t\t\tdata-label=\"Laserway Equipment Training Provisioning Module\"\n\t\t\t\t\tdata-counter-prefix=\"\"\n\t\t\t\t\tdata-counter-suffix=\"\"\n\t\t\t\t\t\t\t\t\t>Laserway Equipment Training Provisioning Module<\/option>\n\t\t\t\t\t\t\t\t\t\t<option\n\t\t\t\t\tvalue=\"641\"\n\t\t\t\t\tdata-label=\"Laserway Solution Planning\"\n\t\t\t\t\tdata-counter-prefix=\"\"\n\t\t\t\t\tdata-counter-suffix=\"\"\n\t\t\t\t\t\t\t\t\t>Laserway Solution Planning<\/option>\n\t\t\t\t\t\t\t\t\t\t<option\n\t\t\t\t\tvalue=\"656\"\n\t\t\t\t\tdata-label=\"FTTx Solution Planning\"\n\t\t\t\t\tdata-counter-prefix=\"\"\n\t\t\t\t\tdata-counter-suffix=\"\"\n\t\t\t\t\t\t\t\t\t>FTTx Solution Planning<\/option>\n\t\t\t\t\t\t\t\t\t\t<option\n\t\t\t\t\tvalue=\"633\"\n\t\t\t\t\tdata-label=\"Data Center\"\n\t\t\t\t\tdata-counter-prefix=\"\"\n\t\t\t\t\tdata-counter-suffix=\"\"\n\t\t\t\t\t\t\t\t\t>Data Center<\/option>\n\t\t\t<\/select>\n\t<\/div>\n<\/div>\t\t<\/div>\n\t\t\t\t<\/div>\n\t\t\t\t<div class=\"elementor-element elementor-element-fcdd611 jet-smart-filter-group-position-line jet-smart-filter-content-position-line jet-smart-filter-group-position-line jet-smart-filter-content-position-column elementor-widget elementor-widget-jet-smart-filters-select\" data-id=\"fcdd611\" data-element_type=\"widget\" data-widget_type=\"jet-smart-filters-select.default\">\n\t\t\t\t<div class=\"elementor-widget-container\">\n\t\t\t<div class=\"jet-smart-filters-hierarchy jet-filter jet-filter-indexed\" data-indexer-rule=\"disable\" data-show-counter=\"\" data-change-counter=\"other_changed\"><div class=\"jet-filters-group\"><div class=\"jet-select\" data-query-type=\"tax_query\" data-query-var=\"regioes\" data-smart-filter=\"select\" data-filter-id=\"714\" data-apply-type=\"ajax\" data-content-provider=\"jet-engine\" data-additional-providers=\"\" data-query-id=\"unidades-cursos\" data-active-label=\"\" data-layout-options=\"{&quot;show_label&quot;:&quot;&quot;,&quot;display_options&quot;:{&quot;show_items_label&quot;:false,&quot;show_decorator&quot;:false,&quot;filter_image_size&quot;:&quot;full&quot;,&quot;show_counter&quot;:false}}\" data-query-var-suffix=\"\" data-hierarchical=\"1\" data-single-tax=\"regioes\">\n\t\t\t\t<select\n\t\t\tclass=\"jet-select__control depth-0\"\n\t\t\tname=\"regioes\"\n\t\t\t\t\t\taria-label=\"Regi\u00e3o EN\"\n\t\t>\n\t\t\t\t\t<option value=\"\">Select your country<\/option>\n\t\t\n\t\t<\/select>\n\t<\/div>\n<div class=\"jet-select\" data-query-type=\"tax_query\" data-query-var=\"regioes\" data-smart-filter=\"select\" data-filter-id=\"714\" data-apply-type=\"ajax\" data-content-provider=\"jet-engine\" data-additional-providers=\"\" data-query-id=\"unidades-cursos\" data-active-label=\"\" data-layout-options=\"{&quot;show_label&quot;:&quot;&quot;,&quot;display_options&quot;:{&quot;show_items_label&quot;:false,&quot;show_decorator&quot;:false,&quot;filter_image_size&quot;:&quot;full&quot;,&quot;show_counter&quot;:false}}\" data-query-var-suffix=\"\" data-hierarchical=\"1\" data-single-tax=\"regioes\">\n\t\t\t\t<select\n\t\t\tclass=\"jet-select__control depth-1\"\n\t\t\tname=\"regioes\"\n\t\t\t\t\t\taria-label=\"Regi\u00e3o EN\"\n\t\t>\n\t\t\t\t\t<option value=\"\">Select your state<\/option>\n\t\t\n\t\t<\/select>\n\t<\/div>\n<\/div><\/div>\t\t<\/div>\n\t\t\t\t<\/div>\n\t\t\t\t\t<\/div>\n\t\t\t\t<\/div>\n\t\t<div class=\"elementor-element elementor-element-530dfce e-flex e-con-boxed e-con e-child\" data-id=\"530dfce\" data-element_type=\"container\">\n\t\t\t\t\t<div class=\"e-con-inner\">\n\t\t<div class=\"elementor-element elementor-element-84b871e e-flex e-con-boxed e-con e-child\" data-id=\"84b871e\" data-element_type=\"container\">\n\t\t\t\t\t<div class=\"e-con-inner\">\n\t\t\t\t<div class=\"elementor-element elementor-element-c06f8c0 elementor-widget elementor-widget-jet-smart-filters-active hide-widget\" data-id=\"c06f8c0\" data-element_type=\"widget\" data-widget_type=\"jet-smart-filters-active.default\">\n\t\t\t\t<div class=\"elementor-widget-container\">\n\t\t\t<div class=\"jet-smart-filters-active jet-active-filters jet-filter\" data-label=\"Active filters:\" data-content-provider=\"jet-engine\" data-additional-providers=\"\" data-apply-type=\"ajax\" data-query-id=\"unidades-cursos\"><\/div>\t\t<\/div>\n\t\t\t\t<\/div>\n\t\t\t\t<div class=\"elementor-element elementor-element-b091c07 elementor-widget elementor-widget-jet-smart-filters-remove-filters hide-widget\" data-id=\"b091c07\" data-element_type=\"widget\" data-widget_type=\"jet-smart-filters-remove-filters.default\">\n\t\t\t\t<div class=\"elementor-widget-container\">\n\t\t\t<div class=\"jet-smart-filters-remove-filters jet-filter\"><div class=\"jet-remove-all-filters hide\">\n\t<button\n\t\ttype=\"button\"\n\t\tclass=\"jet-remove-all-filters__button\"\n\t\tdata-content-provider=\"jet-engine\"\n\t\tdata-additional-providers=\"\"\n\t\tdata-apply-type=\"ajax\"\n\t\tdata-query-id=\"unidades-cursos\"\n\t\t\t>\n\t\tClear filters\t<\/button>\n<\/div><\/div>\t\t<\/div>\n\t\t\t\t<\/div>\n\t\t\t\t\t<\/div>\n\t\t\t\t<\/div>\n\t\t\t\t<div class=\"elementor-element elementor-element-72ce968 elementor-widget elementor-widget-jet-listing-grid\" data-id=\"72ce968\" data-element_type=\"widget\" id=\"unidades-cursos\" data-settings=\"{&quot;columns&quot;:3,&quot;columns_tablet&quot;:&quot;2&quot;,&quot;columns_mobile&quot;:&quot;1&quot;}\" data-widget_type=\"jet-listing-grid.default\">\n\t\t\t\t<div class=\"elementor-widget-container\">\n\t\t\t<div class=\"jet-listing-grid jet-listing\"><div class=\"jet-listing-not-found jet-listing-grid__items\" data-nav=\"{&quot;enabled&quot;:false,&quot;type&quot;:null,&quot;more_el&quot;:null,&quot;query&quot;:[],&quot;widget_settings&quot;:{&quot;lisitng_id&quot;:199,&quot;posts_num&quot;:9,&quot;columns&quot;:3,&quot;columns_tablet&quot;:2,&quot;columns_mobile&quot;:1,&quot;is_archive_template&quot;:&quot;&quot;,&quot;post_status&quot;:[&quot;publish&quot;],&quot;use_random_posts_num&quot;:&quot;&quot;,&quot;max_posts_num&quot;:9,&quot;not_found_message&quot;:&quot;No unit found&quot;,&quot;is_masonry&quot;:false,&quot;equal_columns_height&quot;:&quot;yes&quot;,&quot;use_load_more&quot;:&quot;&quot;,&quot;load_more_id&quot;:&quot;&quot;,&quot;load_more_type&quot;:&quot;click&quot;,&quot;load_more_offset&quot;:{&quot;unit&quot;:&quot;px&quot;,&quot;size&quot;:0,&quot;sizes&quot;:[]},&quot;use_custom_post_types&quot;:&quot;&quot;,&quot;custom_post_types&quot;:[&quot;unidades&quot;],&quot;hide_widget_if&quot;:&quot;&quot;,&quot;carousel_enabled&quot;:&quot;&quot;,&quot;slides_to_scroll&quot;:&quot;1&quot;,&quot;arrows&quot;:&quot;true&quot;,&quot;arrow_icon&quot;:&quot;fa fa-angle-left&quot;,&quot;dots&quot;:&quot;&quot;,&quot;autoplay&quot;:&quot;true&quot;,&quot;autoplay_speed&quot;:5000,&quot;infinite&quot;:&quot;true&quot;,&quot;center_mode&quot;:&quot;&quot;,&quot;effect&quot;:&quot;slide&quot;,&quot;speed&quot;:500,&quot;inject_alternative_items&quot;:&quot;&quot;,&quot;injection_items&quot;:[],&quot;scroll_slider_enabled&quot;:&quot;&quot;,&quot;scroll_slider_on&quot;:[&quot;desktop&quot;,&quot;tablet&quot;,&quot;mobile&quot;],&quot;custom_query&quot;:false,&quot;custom_query_id&quot;:&quot;&quot;,&quot;_element_id&quot;:&quot;unidades-cursos&quot;}}\" >No unit found<\/div><\/div>\t\t<\/div>\n\t\t\t\t<\/div>\n\t\t\t\t\t<\/div>\n\t\t\t\t<\/div>\n\t\t\t\t\t<\/div>\n\t\t\t\t<\/div>\n\t\t<div class=\"elementor-element elementor-element-8da0ffd e-flex e-con-boxed e-con e-parent\" data-id=\"8da0ffd\" data-element_type=\"container\">\n\t\t\t\t\t<div class=\"e-con-inner\">\n\t\t\t\t<div class=\"elementor-element elementor-element-4774610 elementor-widget elementor-widget-jet-smart-filters-pagination\" data-id=\"4774610\" data-element_type=\"widget\" data-widget_type=\"jet-smart-filters-pagination.default\">\n\t\t\t\t<div class=\"elementor-widget-container\">\n\t\t\t<div\n\t\t\t\tclass=\"jet-smart-filters-pagination jet-filter\"\n\t\t\t\tdata-apply-provider=\"jet-engine\"\n\t\t\t\tdata-content-provider=\"jet-engine\"\n\t\t\t\tdata-query-id=\"unidades-cursos\"\n\t\t\t\tdata-controls=\"{&quot;items_enabled&quot;:true,&quot;pages_mid_size&quot;:0,&quot;pages_end_size&quot;:0,&quot;nav_enabled&quot;:true,&quot;prev&quot;:&quot;Previous&quot;,&quot;next&quot;:&quot;Next&quot;,&quot;load_more_enabled&quot;:false,&quot;provider_top_offset&quot;:0}\"\n\t\t\t\tdata-apply-type=\"ajax\"\n\t\t\t><\/div>\t\t<\/div>\n\t\t\t\t<\/div>\n\t\t\t\t\t<\/div>\n\t\t\t\t<\/div>\n\t\t\t\t<\/div>\n\t\t","protected":false},"excerpt":{"rendered":"<p>Furukawa Solutions has the right training for you! Check out the nearest online and face-to-face training in your region. Select the trainingLaserway Equipment Training Provisioning ModuleLaserway Solution PlanningFTTX Equipment Training Provisioning ModuleFTTx Solution PlanningData Center Select your country Select your state Clear filters No unit found<\/p>\n","protected":false},"author":2,"featured_media":783,"parent":0,"menu_order":0,"comment_status":"closed","ping_status":"closed","template":"","meta":{"inline_featured_image":false,"footnotes":""},"class_list":["post-623","page","type-page","status-publish","has-post-thumbnail","hentry"],"yoast_head":"<!-- This site is optimized with the Yoast SEO Premium plugin v21.3 (Yoast SEO v22.6) - https:\/\/yoast.com\/wordpress\/plugins\/seo\/ -->\n<title>Trainings in your region - Lightera Academy<\/title>\n<meta name=\"robots\" content=\"index, follow, max-snippet:-1, max-image-preview:large, max-video-preview:-1\" \/>\n<link rel=\"canonical\" href=\"https:\/\/academy.latam.lightera.com\/en\/trainings-in-your-region\/\" \/>\n<meta property=\"og:locale\" content=\"en_US\" \/>\n<meta property=\"og:type\" content=\"article\" \/>\n<meta property=\"og:title\" content=\"Trainings in your region\" \/>\n<meta property=\"og:description\" content=\"Furukawa Solutions has the right training for you! Check out the nearest online and face-to-face training in your region. Select the trainingLaserway Equipment Training Provisioning ModuleLaserway Solution PlanningFTTX Equipment Training Provisioning ModuleFTTx Solution PlanningData Center Select your country Select your state Clear filters No unit found\" \/>\n<meta property=\"og:url\" content=\"https:\/\/academy.latam.lightera.com\/en\/trainings-in-your-region\/\" \/>\n<meta property=\"og:site_name\" content=\"Lightera Academy\" \/>\n<meta property=\"article:modified_time\" content=\"2023-10-05T15:44:42+00:00\" \/>\n<meta property=\"og:image\" content=\"https:\/\/academy.latam.lightera.com\/wp-content\/uploads\/2023\/09\/Design-sem-nome-7.png\" \/>\n\t<meta property=\"og:image:width\" content=\"607\" \/>\n\t<meta property=\"og:image:height\" content=\"350\" \/>\n\t<meta property=\"og:image:type\" content=\"image\/png\" \/>\n<meta name=\"twitter:card\" content=\"summary_large_image\" \/>\n<meta name=\"twitter:label1\" content=\"Est. reading time\" \/>\n\t<meta name=\"twitter:data1\" content=\"1 minute\" \/>\n<script type=\"application\/ld+json\" class=\"yoast-schema-graph\">{\"@context\":\"https:\/\/schema.org\",\"@graph\":[{\"@type\":\"WebPage\",\"@id\":\"https:\/\/academy.latam.lightera.com\/en\/trainings-in-your-region\/\",\"url\":\"https:\/\/academy.latam.lightera.com\/en\/trainings-in-your-region\/\",\"name\":\"Trainings in your region - Lightera Academy\",\"isPartOf\":{\"@id\":\"https:\/\/academy.latam.lightera.com\/en\/#website\"},\"primaryImageOfPage\":{\"@id\":\"https:\/\/academy.latam.lightera.com\/en\/trainings-in-your-region\/#primaryimage\"},\"image\":{\"@id\":\"https:\/\/academy.latam.lightera.com\/en\/trainings-in-your-region\/#primaryimage\"},\"thumbnailUrl\":\"https:\/\/academy.latam.lightera.com\/wp-content\/uploads\/2023\/09\/Design-sem-nome-7.png\",\"datePublished\":\"2023-01-10T18:36:42+00:00\",\"dateModified\":\"2023-10-05T15:44:42+00:00\",\"breadcrumb\":{\"@id\":\"https:\/\/academy.latam.lightera.com\/en\/trainings-in-your-region\/#breadcrumb\"},\"inLanguage\":\"en-US\",\"potentialAction\":[{\"@type\":\"ReadAction\",\"target\":[\"https:\/\/academy.latam.lightera.com\/en\/trainings-in-your-region\/\"]}]},{\"@type\":\"ImageObject\",\"inLanguage\":\"en-US\",\"@id\":\"https:\/\/academy.latam.lightera.com\/en\/trainings-in-your-region\/#primaryimage\",\"url\":\"https:\/\/academy.latam.lightera.com\/wp-content\/uploads\/2023\/09\/Design-sem-nome-7.png\",\"contentUrl\":\"https:\/\/academy.latam.lightera.com\/wp-content\/uploads\/2023\/09\/Design-sem-nome-7.png\",\"width\":607,\"height\":350},{\"@type\":\"BreadcrumbList\",\"@id\":\"https:\/\/academy.latam.lightera.com\/en\/trainings-in-your-region\/#breadcrumb\",\"itemListElement\":[{\"@type\":\"ListItem\",\"position\":1,\"name\":\"In\u00edcio\",\"item\":\"https:\/\/academy.latam.lightera.com\/en\/\"},{\"@type\":\"ListItem\",\"position\":2,\"name\":\"Trainings in your region\"}]},{\"@type\":\"WebSite\",\"@id\":\"https:\/\/academy.latam.lightera.com\/en\/#website\",\"url\":\"https:\/\/academy.latam.lightera.com\/en\/\",\"name\":\"Lightera Academy\",\"description\":\"Com a Certifica\u00e7\u00e3o Lightera Academy voc\u00ea tem a forma\u00e7\u00e3o completa\",\"publisher\":{\"@id\":\"https:\/\/academy.latam.lightera.com\/en\/#organization\"},\"potentialAction\":[{\"@type\":\"SearchAction\",\"target\":{\"@type\":\"EntryPoint\",\"urlTemplate\":\"https:\/\/academy.latam.lightera.com\/en\/?s={search_term_string}\"},\"query-input\":\"required name=search_term_string\"}],\"inLanguage\":\"en-US\"},{\"@type\":\"Organization\",\"@id\":\"https:\/\/academy.latam.lightera.com\/en\/#organization\",\"name\":\"Lightera Academy\",\"url\":\"https:\/\/academy.latam.lightera.com\/en\/\",\"logo\":{\"@type\":\"ImageObject\",\"inLanguage\":\"en-US\",\"@id\":\"https:\/\/academy.latam.lightera.com\/en\/#\/schema\/logo\/image\/\",\"url\":\"https:\/\/academy.latam.lightera.com\/wp-content\/uploads\/2025\/04\/cropped-AF_newco-Logo_PT_01-Academy_COR_RGB_01.png\",\"contentUrl\":\"https:\/\/academy.latam.lightera.com\/wp-content\/uploads\/2025\/04\/cropped-AF_newco-Logo_PT_01-Academy_COR_RGB_01.png\",\"width\":977,\"height\":279,\"caption\":\"Lightera Academy\"},\"image\":{\"@id\":\"https:\/\/academy.latam.lightera.com\/en\/#\/schema\/logo\/image\/\"}}]}<\/script>\n<!-- \/ Yoast SEO Premium plugin. -->","yoast_head_json":{"title":"Trainings in your region - Lightera Academy","robots":{"index":"index","follow":"follow","max-snippet":"max-snippet:-1","max-image-preview":"max-image-preview:large","max-video-preview":"max-video-preview:-1"},"canonical":"https:\/\/academy.latam.lightera.com\/en\/trainings-in-your-region\/","og_locale":"en_US","og_type":"article","og_title":"Trainings in your region","og_description":"Furukawa Solutions has the right training for you! Check out the nearest online and face-to-face training in your region. Select the trainingLaserway Equipment Training Provisioning ModuleLaserway Solution PlanningFTTX Equipment Training Provisioning ModuleFTTx Solution PlanningData Center Select your country Select your state Clear filters No unit found","og_url":"https:\/\/academy.latam.lightera.com\/en\/trainings-in-your-region\/","og_site_name":"Lightera Academy","article_modified_time":"2023-10-05T15:44:42+00:00","og_image":[{"width":607,"height":350,"url":"https:\/\/academy.latam.lightera.com\/wp-content\/uploads\/2023\/09\/Design-sem-nome-7.png","type":"image\/png"}],"twitter_card":"summary_large_image","twitter_misc":{"Est. reading time":"1 minute"},"schema":{"@context":"https:\/\/schema.org","@graph":[{"@type":"WebPage","@id":"https:\/\/academy.latam.lightera.com\/en\/trainings-in-your-region\/","url":"https:\/\/academy.latam.lightera.com\/en\/trainings-in-your-region\/","name":"Trainings in your region - Lightera Academy","isPartOf":{"@id":"https:\/\/academy.latam.lightera.com\/en\/#website"},"primaryImageOfPage":{"@id":"https:\/\/academy.latam.lightera.com\/en\/trainings-in-your-region\/#primaryimage"},"image":{"@id":"https:\/\/academy.latam.lightera.com\/en\/trainings-in-your-region\/#primaryimage"},"thumbnailUrl":"https:\/\/academy.latam.lightera.com\/wp-content\/uploads\/2023\/09\/Design-sem-nome-7.png","datePublished":"2023-01-10T18:36:42+00:00","dateModified":"2023-10-05T15:44:42+00:00","breadcrumb":{"@id":"https:\/\/academy.latam.lightera.com\/en\/trainings-in-your-region\/#breadcrumb"},"inLanguage":"en-US","potentialAction":[{"@type":"ReadAction","target":["https:\/\/academy.latam.lightera.com\/en\/trainings-in-your-region\/"]}]},{"@type":"ImageObject","inLanguage":"en-US","@id":"https:\/\/academy.latam.lightera.com\/en\/trainings-in-your-region\/#primaryimage","url":"https:\/\/academy.latam.lightera.com\/wp-content\/uploads\/2023\/09\/Design-sem-nome-7.png","contentUrl":"https:\/\/academy.latam.lightera.com\/wp-content\/uploads\/2023\/09\/Design-sem-nome-7.png","width":607,"height":350},{"@type":"BreadcrumbList","@id":"https:\/\/academy.latam.lightera.com\/en\/trainings-in-your-region\/#breadcrumb","itemListElement":[{"@type":"ListItem","position":1,"name":"In\u00edcio","item":"https:\/\/academy.latam.lightera.com\/en\/"},{"@type":"ListItem","position":2,"name":"Trainings in your region"}]},{"@type":"WebSite","@id":"https:\/\/academy.latam.lightera.com\/en\/#website","url":"https:\/\/academy.latam.lightera.com\/en\/","name":"Lightera Academy","description":"Com a Certifica\u00e7\u00e3o Lightera Academy voc\u00ea tem a forma\u00e7\u00e3o completa","publisher":{"@id":"https:\/\/academy.latam.lightera.com\/en\/#organization"},"potentialAction":[{"@type":"SearchAction","target":{"@type":"EntryPoint","urlTemplate":"https:\/\/academy.latam.lightera.com\/en\/?s={search_term_string}"},"query-input":"required name=search_term_string"}],"inLanguage":"en-US"},{"@type":"Organization","@id":"https:\/\/academy.latam.lightera.com\/en\/#organization","name":"Lightera Academy","url":"https:\/\/academy.latam.lightera.com\/en\/","logo":{"@type":"ImageObject","inLanguage":"en-US","@id":"https:\/\/academy.latam.lightera.com\/en\/#\/schema\/logo\/image\/","url":"https:\/\/academy.latam.lightera.com\/wp-content\/uploads\/2025\/04\/cropped-AF_newco-Logo_PT_01-Academy_COR_RGB_01.png","contentUrl":"https:\/\/academy.latam.lightera.com\/wp-content\/uploads\/2025\/04\/cropped-AF_newco-Logo_PT_01-Academy_COR_RGB_01.png","width":977,"height":279,"caption":"Lightera Academy"},"image":{"@id":"https:\/\/academy.latam.lightera.com\/en\/#\/schema\/logo\/image\/"}}]}},"_links":{"self":[{"href":"https:\/\/academy.latam.lightera.com\/en\/wp-json\/wp\/v2\/pages\/623","targetHints":{"allow":["GET"]}}],"collection":[{"href":"https:\/\/academy.latam.lightera.com\/en\/wp-json\/wp\/v2\/pages"}],"about":[{"href":"https:\/\/academy.latam.lightera.com\/en\/wp-json\/wp\/v2\/types\/page"}],"author":[{"embeddable":true,"href":"https:\/\/academy.latam.lightera.com\/en\/wp-json\/wp\/v2\/users\/2"}],"replies":[{"embeddable":true,"href":"https:\/\/academy.latam.lightera.com\/en\/wp-json\/wp\/v2\/comments?post=623"}],"version-history":[{"count":0,"href":"https:\/\/academy.latam.lightera.com\/en\/wp-json\/wp\/v2\/pages\/623\/revisions"}],"wp:featuredmedia":[{"embeddable":true,"href":"https:\/\/academy.latam.lightera.com\/en\/wp-json\/wp\/v2\/media\/783"}],"wp:attachment":[{"href":"https:\/\/academy.latam.lightera.com\/en\/wp-json\/wp\/v2\/media?parent=623"}],"curies":[{"name":"wp","href":"https:\/\/api.w.org\/{rel}","templated":true}]}}